{"id":1335,"date":"2020-02-28T15:54:33","date_gmt":"2020-02-28T15:54:33","guid":{"rendered":"https:\/\/magicfoods.it\/quienes-somos\/"},"modified":"2022-05-23T16:36:17","modified_gmt":"2022-05-23T16:36:17","slug":"quienes-somos","status":"publish","type":"page","link":"https:\/\/magicfoods.it\/es\/quienes-somos\/","title":{"rendered":"Quienes somos"},"content":{"rendered":"<p>[et_pb_section fb_built=&#8221;1&#8243; custom_padding_last_edited=&#8221;on|phone&#8221; admin_label=&#8221;Sezione prodotti e fornitori&#8221; _builder_version=&#8221;4.16&#8243; _module_preset=&#8221;default&#8221; background_image=&#8221;https:\/\/magicfoods.it\/wp-content\/uploads\/2022\/03\/bg-prodotti.jpg&#8221; background_size=&#8221;contain&#8221; background_position=&#8221;top_left&#8221; custom_margin=&#8221;||||false|false&#8221; custom_padding=&#8221;3px|||||&#8221; custom_padding_tablet=&#8221;3px|||||&#8221; custom_padding_phone=&#8221;0px||20px||false|false&#8221; locked=&#8221;off&#8221; global_colors_info=&#8221;{}&#8221;][et_pb_row column_structure=&#8221;1_2,1_2&#8243; use_custom_gutter=&#8221;on&#8221; gutter_width=&#8221;1&#8243; make_equal=&#8221;on&#8221; admin_label=&#8221;Riga fornitori&#8221; _builder_version=&#8221;4.16&#8243; _module_preset=&#8221;default&#8221; width=&#8221;85%&#8221; width_tablet=&#8221;85%&#8221; width_phone=&#8221;88%&#8221; width_last_edited=&#8221;on|phone&#8221; max_width=&#8221;1280px&#8221; min_height=&#8221;359px&#8221; min_height_tablet=&#8221;359px&#8221; min_height_phone=&#8221;&#8221; min_height_last_edited=&#8221;on|phone&#8221; custom_padding=&#8221;||0px||false|false&#8221; global_colors_info=&#8221;{}&#8221;][et_pb_column type=&#8221;1_2&#8243; _builder_version=&#8221;4.16&#8243; _module_preset=&#8221;default&#8221; background_color=&#8221;#91C3E2&#8243; background_image=&#8221;https:\/\/magicfoods.it\/wp-content\/uploads\/2022\/04\/fotochisiamo.jpg&#8221; custom_padding=&#8221;45px|65px|41px||false|false&#8221; global_colors_info=&#8221;{}&#8221;][\/et_pb_column][et_pb_column type=&#8221;1_2&#8243; _builder_version=&#8221;4.16&#8243; _module_preset=&#8221;default&#8221; background_color=&#8221;#404E5C&#8221; custom_padding=&#8221;45px|65px|41px||false|false&#8221; custom_padding_tablet=&#8221;45px|65px|41px||false|false&#8221; custom_padding_phone=&#8221;0px|30px|0px|20px|false|false&#8221; custom_padding_last_edited=&#8221;on|phone&#8221; global_colors_info=&#8221;{}&#8221;][et_pb_text admin_label=&#8221;Titolo H1 introduzione sito&#8221; _builder_version=&#8221;4.16&#8243; text_font_size=&#8221;15px&#8221; header_font_size=&#8221;54px&#8221; header_2_font=&#8221;||on||||||&#8221; header_2_text_align=&#8221;right&#8221; header_2_font_size=&#8221;25px&#8221; text_orientation=&#8221;right&#8221; background_layout=&#8221;dark&#8221; max_width=&#8221;412px&#8221; module_alignment=&#8221;right&#8221; custom_margin=&#8221;||22px|-17px|false|false&#8221; custom_margin_tablet=&#8221;||22px|-17px|false|false&#8221; custom_margin_phone=&#8221;||0px|0px|false|false&#8221; custom_margin_last_edited=&#8221;on|phone&#8221; header_2_font_size_tablet=&#8221;25px&#8221; header_2_font_size_phone=&#8221;23px&#8221; header_2_font_size_last_edited=&#8221;on|phone&#8221; locked=&#8221;off&#8221; global_colors_info=&#8221;{}&#8221;]<\/p>\n<div>\n<h2><\/h2>\n<h2><\/h2>\n<h2><\/h2>\n<h2><\/h2>\n<h2><\/h2>\n<h2><\/h2>\n<h2><\/h2>\n<h2><\/h2>\n<h2><\/h2>\n<h2><\/h2>\n<h2><\/h2>\n<h2><\/h2>\n<h2>En 2013, luego de 10 a\u00f1os de experiencia en el sector pesquero, nace Magic Foods srl.<\/h2>\n<p>&nbsp;<\/p>\n<\/div>\n<p>[\/et_pb_text][\/et_pb_column][\/et_pb_row][\/et_pb_section][et_pb_section fb_built=&#8221;1&#8243; custom_padding_last_edited=&#8221;on|phone&#8221; admin_label=&#8221;Sezione prodotti e fornitori&#8221; _builder_version=&#8221;4.16&#8243; _module_preset=&#8221;default&#8221; background_image=&#8221;https:\/\/magicfoods.it\/wp-content\/uploads\/2022\/04\/bg-prodotti-2.jpg&#8221; background_size=&#8221;contain&#8221; background_position=&#8221;bottom_right&#8221; custom_margin=&#8221;||||false|false&#8221; custom_padding=&#8221;3px||5px|||&#8221; custom_padding_tablet=&#8221;3px||5px|||&#8221; custom_padding_phone=&#8221;0px||0px||false|false&#8221; background_last_edited=&#8221;on|tablet&#8221; background_position_tablet=&#8221;top_center&#8221; background_position_phone=&#8221;center&#8221; locked=&#8221;off&#8221; global_colors_info=&#8221;{}&#8221;][et_pb_row column_structure=&#8221;3_5,2_5&#8243; custom_padding_last_edited=&#8221;on|phone&#8221; _builder_version=&#8221;4.16&#8243; _module_preset=&#8221;default&#8221; width=&#8221;85%&#8221; max_width=&#8221;1600px&#8221; custom_padding=&#8221;16px|0px|||false|false&#8221; custom_padding_tablet=&#8221;16px|0px|||false|false&#8221; custom_padding_phone=&#8221;0px||||false|false&#8221; locked=&#8221;off&#8221; global_colors_info=&#8221;{}&#8221;][et_pb_column type=&#8221;3_5&#8243; _builder_version=&#8221;4.16&#8243; _module_preset=&#8221;default&#8221; custom_padding=&#8221;|90px|||false|false&#8221; custom_padding_tablet=&#8221;|180px|||false|false&#8221; custom_padding_phone=&#8221;|0px|||false|false&#8221; custom_padding_last_edited=&#8221;on|phone&#8221; global_colors_info=&#8221;{}&#8221;][et_pb_text admin_label=&#8221;Titolo H1 introduzione sito&#8221; _builder_version=&#8221;4.16&#8243; text_font_size=&#8221;15px&#8221; header_font_size=&#8221;54px&#8221; header_2_font=&#8221;||on||||||&#8221; header_2_line_height=&#8221;1.1em&#8221; custom_margin=&#8221;||14px|||&#8221; animation_style=&#8221;slide&#8221; animation_direction=&#8221;left&#8221; animation_intensity_slide=&#8221;5%&#8221; locked=&#8221;off&#8221; global_colors_info=&#8221;{}&#8221;]<\/p>\n<h2>Es fundamental que el cliente se sienta seguro de poder confiar en nosotros\u2026<\/h2>\n<p>\u2026porque nuestra prioridad es aquella de ser un referente adem\u00e1s de la venta y nuestras competencias son para nosotros un punto para compartir con los clientes aconsejando ciertas elecciones comerciales, ofreciendo materias primas de alt\u00edsima calidad, entendiendo completamente todas las dinamicas del mercado.<\/p>\n<p>[\/et_pb_text][et_pb_button button_url=&#8221;https:\/\/magicfoods.it\/es\/servicios\/&#8221; button_text=&#8221;Descubre todos los servicios&#8221; button_alignment=&#8221;left&#8221; _builder_version=&#8221;4.17.4&#8243; custom_button=&#8221;on&#8221; button_text_color=&#8221;#FFFFFF&#8221; button_bg_color=&#8221;#91c3e2&#8243; button_font=&#8221;||||||||&#8221; custom_padding=&#8221;||||false|false&#8221; animation_style=&#8221;fade&#8221; animation_delay=&#8221;500ms&#8221; hover_enabled=&#8221;0&#8243; locked=&#8221;off&#8221; global_colors_info=&#8221;{}&#8221; sticky_enabled=&#8221;0&#8243;][\/et_pb_button][\/et_pb_column][et_pb_column type=&#8221;2_5&#8243; _builder_version=&#8221;4.16&#8243; _module_preset=&#8221;default&#8221; custom_padding=&#8221;66px||||false|false&#8221; custom_padding_tablet=&#8221;30px||||false|false&#8221; custom_padding_phone=&#8221;30px||||false|false&#8221; custom_padding_last_edited=&#8221;on|tablet&#8221; global_colors_info=&#8221;{}&#8221;][et_pb_text admin_label=&#8221;Titolo H1 introduzione sito&#8221; _builder_version=&#8221;4.16&#8243; text_font_size=&#8221;15px&#8221; header_font=&#8221;||on||||||&#8221; header_text_align=&#8221;right&#8221; header_text_color=&#8221;#D2D5D8&#8243; header_font_size=&#8221;54px&#8221; header_2_font=&#8221;||on||||||&#8221; custom_margin=&#8221;71px||-2px||false|false&#8221; custom_margin_tablet=&#8221;0px||0px||false|false&#8221; custom_margin_phone=&#8221;0px||0px||false|false&#8221; custom_margin_last_edited=&#8221;on|tablet&#8221; custom_padding=&#8221;||0px||false|false&#8221; animation_style=&#8221;slide&#8221; animation_direction=&#8221;bottom&#8221; animation_intensity_slide=&#8221;5%&#8221; header_text_color_tablet=&#8221;#FFFFFF&#8221; header_text_color_phone=&#8221;#FFFFFF&#8221; header_text_color_last_edited=&#8221;on|phone&#8221; locked=&#8221;off&#8221; global_colors_info=&#8221;{}&#8221;]<\/p>\n<div class=\"\">\n<div class=\"WordSection1\">\n<h1>Un objetivo<\/h1>\n<\/div>\n<\/div>\n<p>[\/et_pb_text][et_pb_text admin_label=&#8221;Titolo H1 introduzione sito&#8221; _builder_version=&#8221;4.16&#8243; text_font_size=&#8221;15px&#8221; header_font_size=&#8221;54px&#8221; header_2_font=&#8221;||on||||||&#8221; max_width_tablet=&#8221;500px&#8221; max_width_phone=&#8221;500px&#8221; max_width_last_edited=&#8221;on|tablet&#8221; custom_margin=&#8221;24px||23px||false|false&#8221; custom_margin_tablet=&#8221;23px||23px||false|false&#8221; custom_margin_phone=&#8221;20px||||false|false&#8221; custom_margin_last_edited=&#8221;on|tablet&#8221; custom_padding_tablet=&#8221;0px||||false|false&#8221; custom_padding_phone=&#8221;0px||||false|false&#8221; custom_padding_last_edited=&#8221;on|tablet&#8221; animation_style=&#8221;slide&#8221; animation_direction=&#8221;right&#8221; animation_intensity_slide=&#8221;5%&#8221; module_alignment_tablet=&#8221;right&#8221; module_alignment_phone=&#8221;right&#8221; module_alignment_last_edited=&#8221;on|tablet&#8221; locked=&#8221;off&#8221; global_colors_info=&#8221;{}&#8221;]<\/p>\n<div class=\"\">\n<div class=\"WordSection1\">\n<div class=\"\" style=\"text-align: right;\">El objetivo de nuestra agencia es crear un servicio a disposici\u00f3n del cliente sigui\u00e9ndolo desde la adquisici\u00f3n del pedido hasta la recepci\u00f3n de la mercanc\u00eda y cuidando con atenci\u00f3n, profesionalidad y a trav\u00e9s de un equipo de expertos todos los aspectos.<\/div>\n<\/div>\n<\/div>\n<p>[\/et_pb_text][et_pb_button button_url=&#8221;https:\/\/magicfoods.it\/es\/team\/&#8221; button_text=&#8221;Descubre nuestro team&#8221; button_alignment=&#8221;right&#8221; _builder_version=&#8221;4.17.4&#8243; custom_button=&#8221;on&#8221; button_text_color=&#8221;#FFFFFF&#8221; button_bg_color=&#8221;#91c3e2&#8243; button_font=&#8221;||||||||&#8221; custom_padding=&#8221;||||false|false&#8221; animation_style=&#8221;fade&#8221; animation_delay=&#8221;500ms&#8221; hover_enabled=&#8221;0&#8243; locked=&#8221;off&#8221; global_colors_info=&#8221;{}&#8221; sticky_enabled=&#8221;0&#8243;][\/et_pb_button][\/et_pb_column][\/et_pb_row][\/et_pb_section]<\/p>\n","protected":false},"excerpt":{"rendered":"<p>En 2013, luego de 10 a\u00f1os de experiencia en el sector pesquero, nace Magic Foods srl. &nbsp; Es fundamental que el cliente se sienta seguro de poder confiar en nosotros\u2026 \u2026porque nuestra prioridad es aquella de ser un referente adem\u00e1s de la venta y nuestras competencias son para nosotros un punto para compartir con los [&hellip;]<\/p>\n","protected":false},"author":1,"featured_media":0,"parent":0,"menu_order":10,"comment_status":"closed","ping_status":"closed","template":"","meta":{"_et_pb_use_builder":"on","_et_pb_old_content":"","_et_gb_content_width":"","inline_featured_image":false,"_joinchat":[],"footnotes":""},"class_list":["post-1335","page","type-page","status-publish","hentry"],"yoast_head":"<!-- This site is optimized with the Yoast SEO plugin v27.4 - https:\/\/yoast.com\/product\/yoast-seo-wordpress\/ -->\n<title>Quienes somos - Magic Foods srl<\/title>\n<meta name=\"description\" content=\"En 2013, luego de 10 a\u00f1os de experiencia en el sector pesquero, nace Magic Foods srl.\" \/>\n<meta name=\"robots\" content=\"index, follow, max-snippet:-1, max-image-preview:large, max-video-preview:-1\" \/>\n<link rel=\"canonical\" href=\"https:\/\/magicfoods.it\/es\/quienes-somos\/\" \/>\n<meta property=\"og:locale\" content=\"es_ES\" \/>\n<meta property=\"og:type\" content=\"article\" \/>\n<meta property=\"og:title\" content=\"Quienes somos - Magic Foods srl\" \/>\n<meta property=\"og:description\" content=\"En 2013, luego de 10 a\u00f1os de experiencia en el sector pesquero, nace Magic Foods srl.\" \/>\n<meta property=\"og:url\" content=\"https:\/\/magicfoods.it\/es\/quienes-somos\/\" \/>\n<meta property=\"og:site_name\" content=\"Magic Foods srl\" \/>\n<meta property=\"article:modified_time\" content=\"2022-05-23T16:36:17+00:00\" \/>\n<meta name=\"twitter:card\" content=\"summary_large_image\" \/>\n<meta name=\"twitter:label1\" content=\"Tiempo de lectura\" \/>\n\t<meta name=\"twitter:data1\" content=\"5 minutos\" \/>\n<script type=\"application\/ld+json\" class=\"yoast-schema-graph\">{\"@context\":\"https:\\\/\\\/schema.org\",\"@graph\":[{\"@type\":\"WebPage\",\"@id\":\"https:\\\/\\\/magicfoods.it\\\/es\\\/quienes-somos\\\/\",\"url\":\"https:\\\/\\\/magicfoods.it\\\/es\\\/quienes-somos\\\/\",\"name\":\"Quienes somos - Magic Foods srl\",\"isPartOf\":{\"@id\":\"https:\\\/\\\/magicfoods.it\\\/#website\"},\"datePublished\":\"2020-02-28T15:54:33+00:00\",\"dateModified\":\"2022-05-23T16:36:17+00:00\",\"description\":\"En 2013, luego de 10 a\u00f1os de experiencia en el sector pesquero, nace Magic Foods srl.\",\"breadcrumb\":{\"@id\":\"https:\\\/\\\/magicfoods.it\\\/es\\\/quienes-somos\\\/#breadcrumb\"},\"inLanguage\":\"es\",\"potentialAction\":[{\"@type\":\"ReadAction\",\"target\":[\"https:\\\/\\\/magicfoods.it\\\/es\\\/quienes-somos\\\/\"]}]},{\"@type\":\"BreadcrumbList\",\"@id\":\"https:\\\/\\\/magicfoods.it\\\/es\\\/quienes-somos\\\/#breadcrumb\",\"itemListElement\":[{\"@type\":\"ListItem\",\"position\":1,\"name\":\"Home\",\"item\":\"https:\\\/\\\/magicfoods.it\\\/\"},{\"@type\":\"ListItem\",\"position\":2,\"name\":\"Quienes somos\"}]},{\"@type\":\"WebSite\",\"@id\":\"https:\\\/\\\/magicfoods.it\\\/#website\",\"url\":\"https:\\\/\\\/magicfoods.it\\\/\",\"name\":\"Magic Foods srl\",\"description\":\"Broker alimentare ittico\",\"publisher\":{\"@id\":\"https:\\\/\\\/magicfoods.it\\\/#organization\"},\"potentialAction\":[{\"@type\":\"SearchAction\",\"target\":{\"@type\":\"EntryPoint\",\"urlTemplate\":\"https:\\\/\\\/magicfoods.it\\\/?s={search_term_string}\"},\"query-input\":{\"@type\":\"PropertyValueSpecification\",\"valueRequired\":true,\"valueName\":\"search_term_string\"}}],\"inLanguage\":\"es\"},{\"@type\":\"Organization\",\"@id\":\"https:\\\/\\\/magicfoods.it\\\/#organization\",\"name\":\"Magic Foods\",\"url\":\"https:\\\/\\\/magicfoods.it\\\/\",\"logo\":{\"@type\":\"ImageObject\",\"inLanguage\":\"es\",\"@id\":\"https:\\\/\\\/magicfoods.it\\\/#\\\/schema\\\/logo\\\/image\\\/\",\"url\":\"https:\\\/\\\/magicfoods.it\\\/wp-content\\\/uploads\\\/2022\\\/03\\\/logoMagicFoodsR2.jpg\",\"contentUrl\":\"https:\\\/\\\/magicfoods.it\\\/wp-content\\\/uploads\\\/2022\\\/03\\\/logoMagicFoodsR2.jpg\",\"width\":1757,\"height\":578,\"caption\":\"Magic Foods\"},\"image\":{\"@id\":\"https:\\\/\\\/magicfoods.it\\\/#\\\/schema\\\/logo\\\/image\\\/\"},\"sameAs\":[\"https:\\\/\\\/www.instagram.com\\\/magic_foods_srl\\\/\",\"https:\\\/\\\/www.linkedin.com\\\/in\\\/magic-foods-srl-737aba195\"]}]}<\/script>\n<!-- \/ Yoast SEO plugin. -->","yoast_head_json":{"title":"Quienes somos - Magic Foods srl","description":"En 2013, luego de 10 a\u00f1os de experiencia en el sector pesquero, nace Magic Foods srl.","robots":{"index":"index","follow":"follow","max-snippet":"max-snippet:-1","max-image-preview":"max-image-preview:large","max-video-preview":"max-video-preview:-1"},"canonical":"https:\/\/magicfoods.it\/es\/quienes-somos\/","og_locale":"es_ES","og_type":"article","og_title":"Quienes somos - Magic Foods srl","og_description":"En 2013, luego de 10 a\u00f1os de experiencia en el sector pesquero, nace Magic Foods srl.","og_url":"https:\/\/magicfoods.it\/es\/quienes-somos\/","og_site_name":"Magic Foods srl","article_modified_time":"2022-05-23T16:36:17+00:00","twitter_card":"summary_large_image","twitter_misc":{"Tiempo de lectura":"5 minutos"},"schema":{"@context":"https:\/\/schema.org","@graph":[{"@type":"WebPage","@id":"https:\/\/magicfoods.it\/es\/quienes-somos\/","url":"https:\/\/magicfoods.it\/es\/quienes-somos\/","name":"Quienes somos - Magic Foods srl","isPartOf":{"@id":"https:\/\/magicfoods.it\/#website"},"datePublished":"2020-02-28T15:54:33+00:00","dateModified":"2022-05-23T16:36:17+00:00","description":"En 2013, luego de 10 a\u00f1os de experiencia en el sector pesquero, nace Magic Foods srl.","breadcrumb":{"@id":"https:\/\/magicfoods.it\/es\/quienes-somos\/#breadcrumb"},"inLanguage":"es","potentialAction":[{"@type":"ReadAction","target":["https:\/\/magicfoods.it\/es\/quienes-somos\/"]}]},{"@type":"BreadcrumbList","@id":"https:\/\/magicfoods.it\/es\/quienes-somos\/#breadcrumb","itemListElement":[{"@type":"ListItem","position":1,"name":"Home","item":"https:\/\/magicfoods.it\/"},{"@type":"ListItem","position":2,"name":"Quienes somos"}]},{"@type":"WebSite","@id":"https:\/\/magicfoods.it\/#website","url":"https:\/\/magicfoods.it\/","name":"Magic Foods srl","description":"Broker alimentare ittico","publisher":{"@id":"https:\/\/magicfoods.it\/#organization"},"potentialAction":[{"@type":"SearchAction","target":{"@type":"EntryPoint","urlTemplate":"https:\/\/magicfoods.it\/?s={search_term_string}"},"query-input":{"@type":"PropertyValueSpecification","valueRequired":true,"valueName":"search_term_string"}}],"inLanguage":"es"},{"@type":"Organization","@id":"https:\/\/magicfoods.it\/#organization","name":"Magic Foods","url":"https:\/\/magicfoods.it\/","logo":{"@type":"ImageObject","inLanguage":"es","@id":"https:\/\/magicfoods.it\/#\/schema\/logo\/image\/","url":"https:\/\/magicfoods.it\/wp-content\/uploads\/2022\/03\/logoMagicFoodsR2.jpg","contentUrl":"https:\/\/magicfoods.it\/wp-content\/uploads\/2022\/03\/logoMagicFoodsR2.jpg","width":1757,"height":578,"caption":"Magic Foods"},"image":{"@id":"https:\/\/magicfoods.it\/#\/schema\/logo\/image\/"},"sameAs":["https:\/\/www.instagram.com\/magic_foods_srl\/","https:\/\/www.linkedin.com\/in\/magic-foods-srl-737aba195"]}]}},"_links":{"self":[{"href":"https:\/\/magicfoods.it\/es\/wp-json\/wp\/v2\/pages\/1335","targetHints":{"allow":["GET"]}}],"collection":[{"href":"https:\/\/magicfoods.it\/es\/wp-json\/wp\/v2\/pages"}],"about":[{"href":"https:\/\/magicfoods.it\/es\/wp-json\/wp\/v2\/types\/page"}],"author":[{"embeddable":true,"href":"https:\/\/magicfoods.it\/es\/wp-json\/wp\/v2\/users\/1"}],"replies":[{"embeddable":true,"href":"https:\/\/magicfoods.it\/es\/wp-json\/wp\/v2\/comments?post=1335"}],"version-history":[{"count":6,"href":"https:\/\/magicfoods.it\/es\/wp-json\/wp\/v2\/pages\/1335\/revisions"}],"predecessor-version":[{"id":1427,"href":"https:\/\/magicfoods.it\/es\/wp-json\/wp\/v2\/pages\/1335\/revisions\/1427"}],"wp:attachment":[{"href":"https:\/\/magicfoods.it\/es\/wp-json\/wp\/v2\/media?parent=1335"}],"curies":[{"name":"wp","href":"https:\/\/api.w.org\/{rel}","templated":true}]}}